{"id":2450,"date":"2026-05-08T18:49:38","date_gmt":"2026-05-08T23:49:38","guid":{"rendered":"https:\/\/d-globalcom.com\/wp\/?post_type=product&#038;p=2450"},"modified":"2026-05-09T17:16:00","modified_gmt":"2026-05-09T22:16:00","slug":"multifuncional-hp-color-e57540","status":"publish","type":"product","link":"https:\/\/d-globalcom.com\/wp\/producto\/multifuncional-hp-color-e57540\/","title":{"rendered":"Multifuncional HP Color E57540"},"content":{"rendered":"<p><strong>HP Color LaserJet Managed MFP E57540<\/strong>:<\/p>\n<p class=\"ds-markdown-paragraph\"><strong>Multifunci\u00f3n<\/strong>: Imprime, escanea, copia y env\u00eda fax (opcional)\u00a0.<\/p>\n<p class=\"ds-markdown-paragraph\"><strong>Velocidad<\/strong>: 38 ppm en A4 (negro\/color)\u00a0.<\/p>\n<p class=\"ds-markdown-paragraph\"><strong>Calidad<\/strong>: 1200 x 1200 ppp en impresi\u00f3n y copia\u00a0.<\/p>\n<p class=\"ds-markdown-paragraph\"><strong>Papel<\/strong>: Capacidad de 650 hojas (100 + 550), ADF de 100 hojas con escaneo doble cara a una pasada\u00a0.<\/p>\n<p class=\"ds-markdown-paragraph\"><strong>D\u00faplex<\/strong>: Impresi\u00f3n autom\u00e1tica a doble cara incluida\u00a0.<\/p>\n<p class=\"ds-markdown-paragraph\"><strong>Conectividad<\/strong>: Ethernet, USB, NFC opcional, WiFi opcional (modelo dn)\u00a0.<\/p>\n<p class=\"ds-markdown-paragraph\"><strong>Otras caracter\u00edsticas<\/strong>: Pantalla t\u00e1ctil color, disco duro integrado de 320 GB, seguridad avanzada (TPM)\u00a0.<\/p>\n<p>Una l\u00e1ser color de gesti\u00f3n (alta resistencia), muy r\u00e1pida (38 ppm), con gran capacidad de papel y funciones avanzadas de seguridad y almacenamiento para oficinas de gran volumen.<\/p>\n","protected":false},"excerpt":{"rendered":"<p><strong>HP Color LaserJet Managed MFP E57540<\/strong>:<\/p>\n<p><strong>Multifunci\u00f3n<\/strong>: Imprime, escanea, copia y env\u00eda fax (opcional).<\/p>\n<p><strong>Velocidad<\/strong>: 38 ppm en A4 (negro\/color) .<\/p>\n<p><strong style=\"font-size: 16px;\">D\u00faplex<\/strong><span style=\"font-size: 16px;\">: Impresi\u00f3n autom\u00e1tica a doble cara incluida.<\/span><\/p>\n<p><strong>Conectividad<\/strong>: Ethernet, USB.<\/p>\n","protected":false},"featured_media":2452,"comment_status":"open","ping_status":"closed","template":"","meta":{"site-sidebar-layout":"default","site-content-layout":"","ast-site-content-layout":"default","site-content-style":"default","site-sidebar-style":"default","ast-global-header-display":"","ast-banner-title-visibility":"","ast-main-header-display":"disabled","ast-hfb-above-header-display":"","ast-hfb-below-header-display":"","ast-hfb-mobile-header-display":"disabled","site-post-title":"","ast-breadcrumbs-content":"","ast-featured-img":"","footer-sml-layout":"","ast-disable-related-posts":"","theme-transparent-header-meta":"default","adv-header-id-meta":"","stick-header-meta":"","header-above-stick-meta":"","header-main-stick-meta":"","header-below-stick-meta":"","astra-migrate-meta-layouts":"set","ast-page-background-enabled":"default","ast-page-background-meta":{"desktop":{"background-color":"var(--ast-global-color-4)","background-image":"","background-repeat":"repeat","background-position":"center center","background-size":"auto","background-attachment":"scroll","background-type":"","background-media":"","overlay-type":"","overlay-color":"","overlay-opacity":"","overlay-gradient":""},"tablet":{"background-color":"","background-image":"","background-repeat":"repeat","background-position":"center center","background-size":"auto","background-attachment":"scroll","background-type":"","background-media":"","overlay-type":"","overlay-color":"","overlay-opacity":"","overlay-gradient":""},"mobile":{"background-color":"","background-image":"","background-repeat":"repeat","background-position":"center center","background-size":"auto","background-attachment":"scroll","background-type":"","background-media":"","overlay-type":"","overlay-color":"","overlay-opacity":"","overlay-gradient":""}},"ast-content-background-meta":{"desktop":{"background-color":"var(--ast-global-color-5)","background-image":"","background-repeat":"repeat","background-position":"center center","background-size":"auto","background-attachment":"scroll","background-type":"","background-media":"","overlay-type":"","overlay-color":"","overlay-opacity":"","overlay-gradient":""},"tablet":{"background-color":"var(--ast-global-color-5)","background-image":"","background-repeat":"repeat","background-position":"center center","background-size":"auto","background-attachment":"scroll","background-type":"","background-media":"","overlay-type":"","overlay-color":"","overlay-opacity":"","overlay-gradient":""},"mobile":{"background-color":"var(--ast-global-color-5)","background-image":"","background-repeat":"repeat","background-position":"center center","background-size":"auto","background-attachment":"scroll","background-type":"","background-media":"","overlay-type":"","overlay-color":"","overlay-opacity":"","overlay-gradient":""}}},"product_brand":[],"product_cat":[21],"product_tag":[],"class_list":{"0":"post-2450","1":"product","2":"type-product","3":"status-publish","4":"has-post-thumbnail","6":"product_cat-multifuncional-color","7":"desktop-align-left","8":"tablet-align-left","9":"mobile-align-left","11":"first","12":"instock","13":"taxable","14":"shipping-taxable","15":"purchasable","16":"product-type-simple"},"_links":{"self":[{"href":"https:\/\/d-globalcom.com\/wp\/wp-json\/wp\/v2\/product\/2450","targetHints":{"allow":["GET"]}}],"collection":[{"href":"https:\/\/d-globalcom.com\/wp\/wp-json\/wp\/v2\/product"}],"about":[{"href":"https:\/\/d-globalcom.com\/wp\/wp-json\/wp\/v2\/types\/product"}],"replies":[{"embeddable":true,"href":"https:\/\/d-globalcom.com\/wp\/wp-json\/wp\/v2\/comments?post=2450"}],"wp:featuredmedia":[{"embeddable":true,"href":"https:\/\/d-globalcom.com\/wp\/wp-json\/wp\/v2\/media\/2452"}],"wp:attachment":[{"href":"https:\/\/d-globalcom.com\/wp\/wp-json\/wp\/v2\/media?parent=2450"}],"wp:term":[{"taxonomy":"product_brand","embeddable":true,"href":"https:\/\/d-globalcom.com\/wp\/wp-json\/wp\/v2\/product_brand?post=2450"},{"taxonomy":"product_cat","embeddable":true,"href":"https:\/\/d-globalcom.com\/wp\/wp-json\/wp\/v2\/product_cat?post=2450"},{"taxonomy":"product_tag","embeddable":true,"href":"https:\/\/d-globalcom.com\/wp\/wp-json\/wp\/v2\/product_tag?post=2450"}],"curies":[{"name":"wp","href":"https:\/\/api.w.org\/{rel}","templated":true}]}}